{"id":14,"date":"2020-01-14T22:53:30","date_gmt":"2020-01-14T22:53:30","guid":{"rendered":""},"modified":"2022-01-17T13:51:15","modified_gmt":"2022-01-17T12:51:15","slug":"lassociation","status":"publish","type":"page","link":"https:\/\/laagm-taaba.com\/index.php\/lassociation\/","title":{"rendered":"L&rsquo;association"},"content":{"rendered":"\n<div class=\"wp-block-media-text alignwide has-media-on-the-right is-stacked-on-mobile is-vertically-aligned-center bottom_padding:150\" style=\"grid-template-columns:auto 20%\"><figure class=\"wp-block-media-text__media\"><img fetchpriority=\"high\" decoding=\"async\" width=\"528\" height=\"579\" src=\"https:\/\/laagm-taaba.com\/wp-content\/uploads\/2020\/06\/Capture-d\u2019e\u0301cran-2020-06-27-a\u0300-14.10.24.png\" alt=\"\" class=\"wp-image-122 size-full\" srcset=\"https:\/\/laagm-taaba.com\/wp-content\/uploads\/2020\/06\/Capture-d\u2019e\u0301cran-2020-06-27-a\u0300-14.10.24.png 528w, https:\/\/laagm-taaba.com\/wp-content\/uploads\/2020\/06\/Capture-d\u2019e\u0301cran-2020-06-27-a\u0300-14.10.24-274x300.png 274w\" sizes=\"(max-width: 528px) 100vw, 528px\" \/><\/figure><div class=\"wp-block-media-text__content\">\n<h6 class=\"wp-block-heading\"><br><strong>La raison d&rsquo;\u00eatre de l&rsquo;association<\/strong><br><br>Elle&nbsp;a vu le jour en 2012 car les&nbsp;jeunes du village ne pouvaient plus&nbsp;jouer au football \u00e0 cause&nbsp;d&rsquo;un manque de moyen financier pour renouveler les ballons crev\u00e9s.<br><br>Pour pouvoir couvrir ces frais, l\u2019association a mis en place un syst\u00e8me de cotisation mensuelle pour ses 60 membres. Cela&nbsp;nous a permis de constituer un club, de mettre en place des infrastructures et de pouvoir organiser un tournoi annuel.<br><br>La majorit\u00e9 de nos licenci\u00e9s sont agriculteurs ou&nbsp;\u00e9leveurs. Ils se sont appuyer sur le succ\u00e8s du volet football&nbsp;comme&nbsp;tremplin pour mener un projet agricole afin d&rsquo;assurer la s\u00e9curit\u00e9 alimentaire.<br><br><\/h6>\n<\/div><\/div>\n\n\n\n<div class=\"wp-block-media-text alignwide is-stacked-on-mobile is-vertically-aligned-center\" style=\"grid-template-columns:25% auto\"><figure class=\"wp-block-media-text__media\"><img decoding=\"async\" width=\"150\" height=\"150\" src=\"https:\/\/laagm-taaba.com\/wp-content\/uploads\/2020\/01\/837ae3_61a66615ee60e9011a1c89ec49239356.png\" alt=\"\" class=\"wp-image-16 size-full\"\/><\/figure><div class=\"wp-block-media-text__content\">\n<h6 class=\"wp-block-heading\"><br><strong>Pr\u00e9sentation du village et du contexte<\/strong><br><br>Le village de Namoukouka, situ\u00e9 \u00e0 200 km \u00e0 l\u2019est de Ouagadougou, compte 928&nbsp;habitants.<br><br>Namoukouka doit faire face \u00e0 l\u2019\u00e9migration des jeunes vers la capitale, notamment \u00e0 cause d\u2019une faible perspective d\u2019emploi hors secteur agricole, d\u2019un confort sommaire et d\u2019un manque de divertissement. Le projet s&rsquo;inscrit dans un objectif de redynamisation de la localit\u00e9.<br><br><\/h6>\n<\/div><\/div>\n\n\n\n<h6 class=\"has-text-align-center wp-block-heading\"><br><strong>Structuration de l&rsquo;association<\/strong><br><br>L&rsquo;association compte deux antennes, une au Burkina faso et une en France. L&rsquo;antenne au Burkina Faso compte 60 membres avec un bureau de 10 personnes. C&rsquo;est au Burkina Faso o\u00f9 se r\u00e9alise&nbsp;l&rsquo;int\u00e9gralit\u00e9 du projet football&nbsp;et agriculture. L&rsquo;antenne en France est compos\u00e9e d&rsquo;un bureau de 3 personnes et d&rsquo;une dizaine de membres. Elle permet principalement de cr\u00e9er du r\u00e9seau professionnel et de lever des fonds pour les projets.<br><br><\/h6>\n\n\n\n<div class=\"wp-block-columns is-layout-flex wp-container-core-columns-is-layout-9d6595d7 wp-block-columns-is-layout-flex\">\n<div class=\"wp-block-column is-layout-flow wp-block-column-is-layout-flow\">\n<figure class=\"wp-block-image alignfull\"><img decoding=\"async\" src=\"https:\/\/www.laagm-taaba.com\/wp-content\/uploads\/2020\/01\/837ae3_0c2e2d5c081145e1b6e3609d99b0f96d-mv2_d_4896_2752_s_4_2.jpg\" alt=\"Les membres du bureau au Burkina Faso\"\/><figcaption><em>Les membres du bureau au Burkina<\/em><\/figcaption><\/figure>\n<\/div>\n\n\n\n<div class=\"wp-block-column is-layout-flow wp-block-column-is-layout-flow\"><\/div>\n\n\n\n<div class=\"wp-block-column is-layout-flow wp-block-column-is-layout-flow\">\n<figure class=\"wp-block-image alignfull is-style-default\"><img decoding=\"async\" src=\"https:\/\/www.laagm-taaba.com\/wp-content\/uploads\/2020\/01\/837ae3_f8e4e1688e654a4bb23820cbd64d98ea-mv2_d_4608_3456_s_4_2.jpg\" alt=\"Les membres du bureau en France\"\/><figcaption><em>Les membres du bureau en France<\/em><\/figcaption><\/figure>\n<\/div>\n<\/div>\n\n\n<p><span style=\"font-style: italic;\">\u00a0 \u00a0 \u00a0 \u00a0 \u00a0 \u00a0 \u00a0 \u00a0 \u00a0 \u00a0 \u00a0 \u00a0 \u00a0 \u00a0 \u00a0<\/span><\/p>\n<p class=\"font_8\">\u00a0<\/p>\n<h6 class=\"font_6\" style=\"text-align: center;\"><strong>Le mot du pr\u00e9sident au Burkina, Alfred Tougma<\/strong><\/h6>\n<p>\u00a0<\/p>\n<p>\u00ab\u00a0Le football, au-del\u00e0 de son aspect sportif, repr\u00e9sente avant tout un lien social entre les ethnies et les peuples. Tous les jeunes s\u2019impliquent chaque jour davantage pour construire le club, vivre leur passion et relever de nouveaux challenges. La motivation et le s\u00e9rieux des joueurs ont permis de cr\u00e9er une dynamique qui d\u00e9passe le cadre du terrain et qui permet aux villageois de se battre pour le d\u00e9veloppement de leur village\u00a0\u00bb.<\/p>\n<p style=\"text-align: center;\"><iframe src=\"https:\/\/www.youtube.com\/embed\/uKa8DzeWoRM\" width=\"480\" height=\"278\"><\/iframe><\/p>\n<p class=\"font_8\" style=\"text-align: center;\"><span style=\"font-style: italic;\">Pr\u00e9sentation de l&rsquo;association\u00a0par le pr\u00e9sident<\/span><\/p>\n<p><span style=\"font-size: 18px;\"><span style=\"font-weight: bold;\">La plaquette et les newsletter de l&rsquo;association\u00a0\u00e0 t\u00e9l\u00e9charger :<\/span><\/span><\/p>\n<p><a href=\"https:\/\/www.laagm-taaba.com\/wp-content\/uploads\/attachments\/837ae3_0d5ae19db6ec4b48b7af3314265943f0.pdf\" target=\"_blank\" rel=\"noopener noreferrer\" download=\"Plaquette Laagm Taaba.pdf\">Plaquette Laagm Taaba.pdf<\/a><\/p>\n<p><a href=\"https:\/\/www.laagm-taaba.com\/wp-content\/uploads\/attachments\/837ae3_f0373d252ea942b981c1afa72d545926.pdf\" target=\"_blank\" rel=\"noopener noreferrer\" download=\"N\u00b01, (tournoi de Namoukouka, nous voil\u00e0!).pdf\">N\u00b01, (tournoi de Namoukouka, nous voil\u00e0!).pdf<\/a><\/p>\n<p><a href=\"https:\/\/www.laagm-taaba.com\/wp-content\/uploads\/attachments\/837ae3_b33fe625473f45fba3856138e4320b0e.pdf\" target=\"_blank\" rel=\"noopener noreferrer\" download=\"N\u00b02, (une parcelle pour de nouveaux horizons!).pdf\">N\u00b02, (une parcelle pour de nouveaux horizons!).pdf<\/a><\/p>\n<p class=\"font_8\" style=\"font-size: 18px;\"><a href=\"https:\/\/www.laagm-taaba.com\/wp-content\/uploads\/attachments\/837ae3_a8aab27976154182a6f93ab83c048083.pdf\" target=\"_blank\" rel=\"noopener noreferrer\" download=\"N\u00b03, (une nouvelle identit\u00e9 pour l'association!).pdf\">N\u00b03, (une nouvelle identit\u00e9 pour l&rsquo;association!).pdf<\/a><\/p>\n<p><a href=\"https:\/\/www.laagm-taaba.com\/wp-content\/uploads\/attachments\/837ae3_d6cfd90a0c6a473196706db2f00a6372.pdf\" target=\"_blank\" rel=\"noopener noreferrer\" download=\"N\u00b04,_(le_projet_agricole_dans_les_startings_blocks).pdf\">N\u00b04,_(le_projet_agricole_dans_les_startings_blocks).pdf<\/a><\/p>\n<p><a href=\"https:\/\/www.laagm-taaba.com\/wp-content\/uploads\/attachments\/837ae3_f912a0d87c4149618c71f813cc105eb5.pdf\" target=\"_blank\" rel=\"noopener noreferrer\" download=\"Newsletter_N\u00b05,_(le_lancement_du_projet_agricole).pdf\">Newsletter_N\u00b05,_(le_lancement_du_projet_agricole).pdf<\/a><\/p>","protected":false},"excerpt":{"rendered":"<p>La raison d&rsquo;\u00eatre de l&rsquo;association Elle&nbsp;a vu le jour en 2012 car les&nbsp;jeunes du village ne pouvaient plus&nbsp;jouer au football \u00e0 cause&nbsp;d&rsquo;un manque de moyen financier pour renouveler les ballons crev\u00e9s. Pour pouvoir couvrir ces frais, l\u2019association a mis en place un syst\u00e8me de&#8230;<\/p>\n","protected":false},"author":1,"featured_media":0,"parent":0,"menu_order":0,"comment_status":"open","ping_status":"open","template":"","meta":{"footnotes":""},"class_list":["post-14","page","type-page","status-publish","hentry"],"_links":{"self":[{"href":"https:\/\/laagm-taaba.com\/index.php\/wp-json\/wp\/v2\/pages\/14","targetHints":{"allow":["GET"]}}],"collection":[{"href":"https:\/\/laagm-taaba.com\/index.php\/wp-json\/wp\/v2\/pages"}],"about":[{"href":"https:\/\/laagm-taaba.com\/index.php\/wp-json\/wp\/v2\/types\/page"}],"author":[{"embeddable":true,"href":"https:\/\/laagm-taaba.com\/index.php\/wp-json\/wp\/v2\/users\/1"}],"replies":[{"embeddable":true,"href":"https:\/\/laagm-taaba.com\/index.php\/wp-json\/wp\/v2\/comments?post=14"}],"version-history":[{"count":6,"href":"https:\/\/laagm-taaba.com\/index.php\/wp-json\/wp\/v2\/pages\/14\/revisions"}],"predecessor-version":[{"id":307,"href":"https:\/\/laagm-taaba.com\/index.php\/wp-json\/wp\/v2\/pages\/14\/revisions\/307"}],"wp:attachment":[{"href":"https:\/\/laagm-taaba.com\/index.php\/wp-json\/wp\/v2\/media?parent=14"}],"curies":[{"name":"wp","href":"https:\/\/api.w.org\/{rel}","templated":true}]}}