{"id":19,"date":"2020-01-14T22:53:30","date_gmt":"2020-01-14T22:53:30","guid":{"rendered":""},"modified":"2022-01-17T13:43:41","modified_gmt":"2022-01-17T12:43:41","slug":"partenaires","status":"publish","type":"page","link":"https:\/\/laagm-taaba.com\/index.php\/partenaires\/","title":{"rendered":"Partenaires"},"content":{"rendered":"\n<p class=\"has-text-align-center\"><strong>L&rsquo;association Laagm Taaba&nbsp;a nou\u00e9 diff\u00e9rentes formes de partenariat<\/strong><\/p>\n\n\n\n<p>&#8211; Un partenariat foncier :<\/p>\n\n\n\n<p>La commune de Gounghin et plusieurs propri\u00e9taires ont&nbsp;mis \u00e0 disposition de l\u2019association une parcelle de 2 hectares qui accueille un terrain de football et la parcelle exp\u00e9rimentale.<\/p>\n\n\n\n<p>&#8211; Un partenariat mat\u00e9riel&nbsp;:<\/p>\n\n\n\n<p>Les clubs &nbsp;\u00a0\u00bb&nbsp;Blagnac FC\u00a0\u00bb, le \u00ab\u00a0JS Cugnaux\u00a0\u00bb, \u00ab\u00a0l\u2019AS Muret \u00ab\u00a0, ainsi que l&rsquo;ONG \u00ab\u00a0Alizeta\u00a0\u00bb nous ont soutenus&nbsp;en nous offrant diff\u00e9rents \u00e9quipements&nbsp;(maillots, chaussettes,&nbsp;shorts et ballons). Ces \u00e9quipements&nbsp;sont distribu\u00e9s comme r\u00e9compenses aux \u00e9quipes participantes au tournoi ou vendus \u00e0 faible co\u00fbt aux villageois pendant les march\u00e9s.<\/p>\n\n\n\n<p>\u200b- Un partenariat&nbsp;logistique&nbsp;:&nbsp;&nbsp;<\/p>\n\n\n\n<p>Les ONG&nbsp;\u00ab\u00a0Hydraulique Sans Fronti\u00e8res\u00a0\u00bb, \u00ab\u00a0Fassol\u00a0\u00bb, \u00ab\u00a0un projet pour R\u00e9o\u00a0\u00bb, \u00ab\u00a0Issia, pourquoi pas\u00a0\u00bb, ainsi que les \u00ab\u00a0amis du consulat du Burkina Faso\u00a0\u00bb ont gr\u00e2cieusement accept\u00e9 de transporter les \u00e9quipements sportifs&nbsp;au Burkina Faso.<\/p>\n\n\n\n<p>&#8211; Un partenariat&nbsp;financier&nbsp;:<\/p>\n\n\n\n<p>Plusieurs parrains financent chaque ann\u00e9e une partie du budget du tournoi de football. D&rsquo;autres partenaires, comme l&rsquo;Ong \u00ab\u00a0Alizeta\u00a0\u00bb, l&rsquo;association \u00ab\u00a0Helping Hands\u00a0\u00bb et l&rsquo;ONG \u00ab\u00a0A.D.E.\u00a0\u00bb, ont grandement contribu\u00e9 au financement du projet agricole.&nbsp;<\/p>\n\n\n\n<p>\u200b<\/p>\n\n\n\n<div class=\"wp-block-columns alignfull is-layout-flex wp-container-core-columns-is-layout-9d6595d7 wp-block-columns-is-layout-flex\">\n<div class=\"wp-block-column is-layout-flow wp-block-column-is-layout-flow\" style=\"flex-basis:25%\">\n<figure class=\"wp-block-image alignfull\"><a href=\"https:\/\/fr.wikipedia.org\/wiki\/Gounghin_(d%C3%A9partement)\"><img fetchpriority=\"high\" decoding=\"async\" width=\"237\" height=\"300\" src=\"https:\/\/laagm-taaba.com\/wp-content\/uploads\/2020\/07\/COMMUNE-DE-GOUNGHIN-237x300.jpg\" alt=\"\" class=\"wp-image-152\" srcset=\"https:\/\/laagm-taaba.com\/wp-content\/uploads\/2020\/07\/COMMUNE-DE-GOUNGHIN-237x300.jpg 237w, https:\/\/laagm-taaba.com\/wp-content\/uploads\/2020\/07\/COMMUNE-DE-GOUNGHIN.jpg 246w\" sizes=\"(max-width: 237px) 100vw, 237px\" \/><\/a><figcaption>  Commune de Gounghin<\/figcaption><\/figure>\n<\/div>\n\n\n\n<div class=\"wp-block-column is-layout-flow wp-block-column-is-layout-flow\" style=\"flex-basis:25%\">\n<figure class=\"wp-block-image alignfull\"><img decoding=\"async\" src=\"https:\/\/www.laagm-taaba.com\/wp-content\/uploads\/2020\/01\/837ae3_4a46b9f3b06241a2a9c43abd37e46e74.png\" alt=\"\"\/><figcaption>Les Amis du consulat<\/figcaption><\/figure>\n<\/div>\n\n\n\n<div class=\"wp-block-column is-layout-flow wp-block-column-is-layout-flow\" style=\"flex-basis:25%\">\n<figure class=\"wp-block-image alignfull size-large\"><img decoding=\"async\" src=\"https:\/\/www.laagm-taaba.com\/wp-content\/uploads\/2020\/01\/837ae3_5cef1e02ac704f26b0786a609f1bbf98-mv2.jpg\" alt=\"\"\/><figcaption>ONG Alizeta<\/figcaption><\/figure>\n<\/div>\n\n\n\n<div class=\"wp-block-column is-layout-flow wp-block-column-is-layout-flow\" style=\"flex-basis:25%\">\n<figure class=\"wp-block-image alignfull\"><a href=\"http:\/\/www.helpinghands-sophia.org\/\" target=\"_blank\" rel=\"noopener noreferrer\"><img decoding=\"async\" src=\"https:\/\/www.laagm-taaba.com\/wp-content\/uploads\/2020\/01\/837ae3_65c880ccb586486abc401b2d7982d579.gif\" alt=\"Associaton Helping Hands\"\/><\/a><figcaption>Helping Hands<\/figcaption><\/figure>\n<\/div>\n<\/div>\n\n\n\n<div class=\"wp-block-columns alignfull is-layout-flex wp-container-core-columns-is-layout-9d6595d7 wp-block-columns-is-layout-flex\">\n<div class=\"wp-block-column is-layout-flow wp-block-column-is-layout-flow\">\n<figure class=\"wp-block-image alignfull\"><a href=\"http:\/\/fassol.net\/\" target=\"_blank\" rel=\"noreferrer noopener\"><img decoding=\"async\" width=\"253\" height=\"234\" src=\"https:\/\/laagm-taaba.com\/wp-content\/uploads\/2020\/07\/Association-FA-S-SOL.jpg\" alt=\"\" class=\"wp-image-167\"\/><\/a><figcaption>  Association FA.S.SOL<\/figcaption><\/figure>\n<\/div>\n\n\n\n<div class=\"wp-block-column is-layout-flow wp-block-column-is-layout-flow\">\n<figure class=\"wp-block-image alignfull\"><a href=\"http:\/\/hydrauliquesansfrontieres.org\/\" target=\"_blank\" rel=\"noreferrer noopener\"><img decoding=\"async\" width=\"300\" height=\"203\" src=\"https:\/\/laagm-taaba.com\/wp-content\/uploads\/2020\/07\/ONG-Hydraulique-sans-frontieres-300x203.jpg\" alt=\"\" class=\"wp-image-168\" srcset=\"https:\/\/laagm-taaba.com\/wp-content\/uploads\/2020\/07\/ONG-Hydraulique-sans-frontieres-300x203.jpg 300w, https:\/\/laagm-taaba.com\/wp-content\/uploads\/2020\/07\/ONG-Hydraulique-sans-frontieres.jpg 336w\" sizes=\"(max-width: 300px) 100vw, 300px\" \/><\/a><figcaption>  ONG Hydraulique sans fronti\u00e8res <\/figcaption><\/figure>\n<\/div>\n\n\n\n<div class=\"wp-block-column is-layout-flow wp-block-column-is-layout-flow\">\n<figure class=\"wp-block-image alignfull\"><a href=\"http:\/\/unprojetpourreo.free.fr\/\" target=\"_blank\" rel=\"noreferrer noopener\"><img decoding=\"async\" src=\"https:\/\/laagm-taaba.com\/wp-content\/uploads\/2020\/07\/Association-Un-projet-pour-R%C3%A9o.jpg\" alt=\"\" class=\"wp-image-158\"\/><\/a><figcaption>Association Un Projet pour R\u00e9o<\/figcaption><\/figure>\n<\/div>\n\n\n\n<div class=\"wp-block-column is-layout-flow wp-block-column-is-layout-flow\">\n<figure class=\"wp-block-image alignfull\"><a href=\"http:\/\/issianet.free.fr\/\" target=\"_blank\" rel=\"noreferrer noopener\"><img loading=\"lazy\" decoding=\"async\" width=\"300\" height=\"298\" src=\"https:\/\/laagm-taaba.com\/wp-content\/uploads\/2020\/07\/Association-Issia-pourquoi-pas-300x298.jpg\" alt=\"\" class=\"wp-image-157\" srcset=\"https:\/\/laagm-taaba.com\/wp-content\/uploads\/2020\/07\/Association-Issia-pourquoi-pas-300x298.jpg 300w, https:\/\/laagm-taaba.com\/wp-content\/uploads\/2020\/07\/Association-Issia-pourquoi-pas-150x150.jpg 150w, https:\/\/laagm-taaba.com\/wp-content\/uploads\/2020\/07\/Association-Issia-pourquoi-pas.jpg 337w\" sizes=\"(max-width: 300px) 100vw, 300px\" \/><\/a><figcaption>Association Issia, pourquoi pas<\/figcaption><\/figure>\n<\/div>\n<\/div>\n\n\n\n<div class=\"wp-block-columns alignfull is-layout-flex wp-container-core-columns-is-layout-9d6595d7 wp-block-columns-is-layout-flex\">\n<div class=\"wp-block-column is-layout-flow wp-block-column-is-layout-flow\" style=\"flex-basis:25%\">\n<figure class=\"wp-block-image alignfull\"><a href=\"http:\/\/jscugnaux-football.fr\/\" target=\"_blank\" rel=\"noreferrer noopener\"><img loading=\"lazy\" decoding=\"async\" width=\"244\" height=\"300\" src=\"https:\/\/laagm-taaba.com\/wp-content\/uploads\/2020\/07\/Club-de-foot-JSC-Cugnaux-244x300.jpg\" alt=\"\" class=\"wp-image-154\" srcset=\"https:\/\/laagm-taaba.com\/wp-content\/uploads\/2020\/07\/Club-de-foot-JSC-Cugnaux-244x300.jpg 244w, https:\/\/laagm-taaba.com\/wp-content\/uploads\/2020\/07\/Club-de-foot-JSC-Cugnaux.jpg 330w\" sizes=\"(max-width: 244px) 100vw, 244px\" \/><\/a><figcaption>Club de foot JSC Cugnaux<\/figcaption><\/figure>\n<\/div>\n\n\n\n<div class=\"wp-block-column is-layout-flow wp-block-column-is-layout-flow\" style=\"flex-basis:25%\">\n<figure class=\"wp-block-image alignfull\"><a href=\"http:\/\/blagnacfc.com\/\" target=\"_blank\" rel=\"noreferrer noopener\"><img loading=\"lazy\" decoding=\"async\" width=\"245\" height=\"290\" src=\"https:\/\/laagm-taaba.com\/wp-content\/uploads\/2020\/07\/BLAGNAC-FC.jpg\" alt=\"\" class=\"wp-image-153\"\/><\/a><figcaption>Club de foot de Blagnac FC<\/figcaption><\/figure>\n<\/div>\n\n\n\n<div class=\"wp-block-column is-layout-flow wp-block-column-is-layout-flow\" style=\"flex-basis:25%\">\n<figure class=\"wp-block-image alignfull\"><a href=\"https:\/\/www.francebleu.fr\/azur\" target=\"_blank\" rel=\"noopener noreferrer\"><img decoding=\"async\" src=\"https:\/\/www.laagm-taaba.com\/wp-content\/uploads\/2020\/01\/837ae3_25321bd520704bb1aed602598c766a09.jpg\" alt=\"\"\/><\/a><figcaption>France Bleu Azur<\/figcaption><\/figure>\n<\/div>\n\n\n\n<div class=\"wp-block-column is-layout-flow wp-block-column-is-layout-flow\" style=\"flex-basis:25%\">\n<figure class=\"wp-block-image alignfull\"><a href=\"https:\/\/www.tf1.fr\/tmc\" target=\"_blank\" rel=\"noopener noreferrer\"><img decoding=\"async\" src=\"https:\/\/www.laagm-taaba.com\/wp-content\/uploads\/2020\/01\/837ae3_c8533b6d0be44cb39d44a85ca8cfd0e5.png\" alt=\"\"\/><\/a><figcaption>TMC<\/figcaption><\/figure>\n<\/div>\n<\/div>\n\n\n\n<div class=\"wp-block-columns alignfull is-layout-flex wp-container-core-columns-is-layout-9d6595d7 wp-block-columns-is-layout-flex\">\n<div class=\"wp-block-column is-layout-flow wp-block-column-is-layout-flow\" style=\"flex-basis:25%\">\n<figure class=\"wp-block-image alignfull\"><a href=\"https:\/\/www.asmuretfootball.fr\/\" target=\"_blank\" rel=\"noreferrer noopener\"><img loading=\"lazy\" decoding=\"async\" width=\"251\" height=\"276\" src=\"https:\/\/laagm-taaba.com\/wp-content\/uploads\/2020\/07\/Club-de-foot-Muret-FC.jpg\" alt=\"\" class=\"wp-image-155\"\/><\/a><figcaption>  Club de foot de Muret FC<\/figcaption><\/figure>\n<\/div>\n\n\n\n<div class=\"wp-block-column is-layout-flow wp-block-column-is-layout-flow\" style=\"flex-basis:25%\">\n<figure class=\"wp-block-image alignfull\"><img decoding=\"async\" src=\"https:\/\/www.laagm-taaba.com\/wp-content\/uploads\/2020\/01\/837ae3_fbc582ce592e438a9cd629078c81545e.jpg\" alt=\"\"\/><figcaption>Africara\u00efbe 06<\/figcaption><\/figure>\n<\/div>\n\n\n\n<div class=\"wp-block-column is-layout-flow wp-block-column-is-layout-flow\" style=\"flex-basis:25%\">\n<figure class=\"wp-block-image alignfull\"><img decoding=\"async\" src=\"https:\/\/www.laagm-taaba.com\/wp-content\/uploads\/2020\/01\/837ae3_ee3fc4f8abd9478d81ec073d3b5e64d0.png\" alt=\"\"\/><figcaption>ONG A.D.E<\/figcaption><\/figure>\n<\/div>\n\n\n\n<div class=\"wp-block-column is-layout-flow wp-block-column-is-layout-flow\" style=\"flex-basis:25%\"><\/div>\n<\/div>\n","protected":false},"excerpt":{"rendered":"<p>L&rsquo;association Laagm Taaba&nbsp;a nou\u00e9 diff\u00e9rentes formes de partenariat &#8211; Un partenariat foncier : La commune de Gounghin et plusieurs propri\u00e9taires ont&nbsp;mis \u00e0 disposition de l\u2019association une parcelle de 2 hectares qui accueille un terrain de football et la parcelle exp\u00e9rimentale. &#8211; Un partenariat mat\u00e9riel&nbsp;:&#8230;<\/p>\n","protected":false},"author":1,"featured_media":0,"parent":0,"menu_order":0,"comment_status":"open","ping_status":"open","template":"","meta":{"footnotes":""},"class_list":["post-19","page","type-page","status-publish","hentry"],"_links":{"self":[{"href":"https:\/\/laagm-taaba.com\/index.php\/wp-json\/wp\/v2\/pages\/19","targetHints":{"allow":["GET"]}}],"collection":[{"href":"https:\/\/laagm-taaba.com\/index.php\/wp-json\/wp\/v2\/pages"}],"about":[{"href":"https:\/\/laagm-taaba.com\/index.php\/wp-json\/wp\/v2\/types\/page"}],"author":[{"embeddable":true,"href":"https:\/\/laagm-taaba.com\/index.php\/wp-json\/wp\/v2\/users\/1"}],"replies":[{"embeddable":true,"href":"https:\/\/laagm-taaba.com\/index.php\/wp-json\/wp\/v2\/comments?post=19"}],"version-history":[{"count":4,"href":"https:\/\/laagm-taaba.com\/index.php\/wp-json\/wp\/v2\/pages\/19\/revisions"}],"predecessor-version":[{"id":306,"href":"https:\/\/laagm-taaba.com\/index.php\/wp-json\/wp\/v2\/pages\/19\/revisions\/306"}],"wp:attachment":[{"href":"https:\/\/laagm-taaba.com\/index.php\/wp-json\/wp\/v2\/media?parent=19"}],"curies":[{"name":"wp","href":"https:\/\/api.w.org\/{rel}","templated":true}]}}