{"id":28,"date":"2020-01-14T22:53:31","date_gmt":"2020-01-14T22:53:31","guid":{"rendered":""},"modified":"2020-06-22T23:36:25","modified_gmt":"2020-06-22T21:36:25","slug":"parcelle-experimentale","status":"publish","type":"page","link":"https:\/\/laagm-taaba.com\/index.php\/parcelle-experimentale\/","title":{"rendered":"Parcelle exp\u00e9rimentale"},"content":{"rendered":"\n<figure class=\"wp-block-image size-large\"><img fetchpriority=\"high\" decoding=\"async\" width=\"1024\" height=\"440\" src=\"https:\/\/laagm-taaba.com\/wp-content\/uploads\/2020\/06\/Laagm_Taaba_Photo_3-1-1024x440.png\" alt=\"\" class=\"wp-image-93\" srcset=\"https:\/\/laagm-taaba.com\/wp-content\/uploads\/2020\/06\/Laagm_Taaba_Photo_3-1-1024x440.png 1024w, https:\/\/laagm-taaba.com\/wp-content\/uploads\/2020\/06\/Laagm_Taaba_Photo_3-1-300x129.png 300w, https:\/\/laagm-taaba.com\/wp-content\/uploads\/2020\/06\/Laagm_Taaba_Photo_3-1-768x330.png 768w, https:\/\/laagm-taaba.com\/wp-content\/uploads\/2020\/06\/Laagm_Taaba_Photo_3-1-640x275.png 640w, https:\/\/laagm-taaba.com\/wp-content\/uploads\/2020\/06\/Laagm_Taaba_Photo_3-1.png 1222w\" sizes=\"(max-width: 1024px) 100vw, 1024px\" \/><\/figure>\n\n\n<p><span style=\"color: #800000;\"><strong>Parcelle exp\u00e9rimentale<br \/><\/strong><\/span>Diff\u00e9rentes techniques agricoles ont \u00e9t\u00e9 mises en place sur la parcelle. L\u2019objectif est de tester l\u2019efficacit\u00e9 de ces techniques et, si possible, de les reproduire au sein des concessions du village.<br \/>Vous trouverez ci-dessous une liste non exhaustive des techniques mises en place ainsi que leur impact mesur\u00e9 en Septembre 2017.<\/p>\n\n\n<div style=\"height:36px\" aria-hidden=\"true\" class=\"wp-block-spacer\"><\/div>\n\n\n\n<div class=\"wp-block-media-text alignwide has-media-on-the-right is-stacked-on-mobile is-vertically-aligned-center\" style=\"grid-template-columns:auto 51%\"><figure class=\"wp-block-media-text__media\"><img decoding=\"async\" width=\"150\" height=\"150\" src=\"https:\/\/laagm-taaba.com\/wp-content\/uploads\/2020\/01\/837ae3_bd9bea97c11f4f188ac8257b1204b7aa-mv2.gif\" alt=\"\" class=\"wp-image-29\"\/><\/figure><div class=\"wp-block-media-text__content\">\n<p><strong><span style=\"color:#800000\" class=\"has-inline-color\">La technique du Za\u00ef<\/span><\/strong><\/p>\n\n\n\n<p>Le Za\u00ef est une technique consistant \u00e0 disposer les plantation en quinconce, avec adjonction de compost au moment de planter les semences. Cette technique am\u00e9liore le rendement des sols et est donc efficace lorsque les sols ne sont pas riches.<\/p>\n\n\n\n<p>On peut voir sur la photo les plants sem\u00e9s selon la technique du Za\u00ef \u00e0 gauche, tandis que ceux \u00e0 droite ont \u00e9t\u00e9 plant\u00e9s au m\u00eame moment sans utiliser la technique. On peut ais\u00e9ment observer la diff\u00e9rence de croissance entre les deux.<\/p>\n\n\n\n<p>Cette technique s\u2019est montr\u00e9e tr\u00e8s efficace et a \u00e9t\u00e9 utilis\u00e9e \u00e0 grande \u00e9chelle dans le village, pour des r\u00e9sultats positifs.<\/p>\n<\/div><\/div>\n\n\n\n<div style=\"height:40px\" aria-hidden=\"true\" class=\"wp-block-spacer\"><\/div>\n\n\n\n<div class=\"wp-block-media-text alignwide has-media-on-the-right is-stacked-on-mobile is-vertically-aligned-center\"><figure class=\"wp-block-media-text__media\"><img decoding=\"async\" width=\"150\" height=\"150\" src=\"https:\/\/laagm-taaba.com\/wp-content\/uploads\/2020\/01\/837ae3_08d7e575eb864ef3b1d3bbd40251bd62-mv2.gif\" alt=\"\" class=\"wp-image-30\"\/><\/figure><div class=\"wp-block-media-text__content\">\n<p><strong><span style=\"color:#800000\" class=\"has-inline-color\">La technique des Demi-Lunes<\/span><\/strong><\/p>\n\n\n\n<p>Cette technique favorise la r\u00e9tention d\u2019eau, elle est donc recommand\u00e9e pour des cultures gourmandes en eau. Elle consiste \u00e0 disposer les semences en demi-cercles, afin de garder l\u2019eau au sein de ces zones. Des plantations d\u2019un autre type peuvent \u00eatre dispos\u00e9es entre les demi-cercles.<\/p>\n\n\n\n<p>Cette technique a \u00e9t\u00e9 ponctuellement utilis\u00e9e dans le village, suivant le type de culture utilis\u00e9.<\/p>\n<\/div><\/div>\n\n\n\n<div style=\"height:68px\" aria-hidden=\"true\" class=\"wp-block-spacer\"><\/div>\n\n\n\n<div class=\"wp-block-media-text alignwide has-media-on-the-right is-stacked-on-mobile\" style=\"grid-template-columns:auto 51%\"><figure class=\"wp-block-media-text__media\"><img loading=\"lazy\" decoding=\"async\" width=\"150\" height=\"150\" src=\"https:\/\/laagm-taaba.com\/wp-content\/uploads\/2020\/01\/837ae3_13a81aad14d348c08aad57491fd56dcb-mv2.gif\" alt=\"\" class=\"wp-image-31\"\/><\/figure><div class=\"wp-block-media-text__content\">\n<p><strong><span style=\"color:#800000\" class=\"has-inline-color\">Compost<\/span><\/strong><\/p>\n\n\n\n<p>Le compost apporte beaucoup d\u2019\u00e9l\u00e9ments nutritifs \u00e0 l\u2019agriculture et favorise la croissance. Un compost a \u00e9t\u00e9 mis en place dans la parcelle, mais l\u2019apport du compost n\u2019est pas pour l\u2019instant satisfaisant.<\/p>\n\n\n\n<p>Le compost n\u00e9cessite de grandes quantit\u00e9s d\u2019eau, de fiente et de fumier lors de sa mise en place ; or l\u2019association ne dispose pas de fumier, et l\u2019eau est une ressource rare et pr\u00e9cieuse dans la r\u00e9gion. Il est pr\u00e9vu d\u2019acqu\u00e9rir un b\u0153uf en 2018 et de percer un forage dans la parcelle, ainsi le compost pourra \u00eatre efficace.<\/p>\n\n\n\n<p>Dans le village, une seule concession a mis en place un compost en raison de la lourdeur de l\u2019installation, mais les r\u00e9sultats sont tr\u00e8s positifs.<\/p>\n<\/div><\/div>\n","protected":false},"excerpt":{"rendered":"<p>Parcelle exp\u00e9rimentaleDiff\u00e9rentes techniques agricoles ont \u00e9t\u00e9 mises en place sur la parcelle. L\u2019objectif est de tester l\u2019efficacit\u00e9 de ces techniques et, si possible, de les reproduire au sein des concessions du village.Vous trouverez ci-dessous une liste non exhaustive des techniques mises en place ainsi&#8230;<\/p>\n","protected":false},"author":0,"featured_media":0,"parent":0,"menu_order":0,"comment_status":"open","ping_status":"open","template":"","meta":{"footnotes":""},"class_list":["post-28","page","type-page","status-publish","hentry"],"_links":{"self":[{"href":"https:\/\/laagm-taaba.com\/index.php\/wp-json\/wp\/v2\/pages\/28","targetHints":{"allow":["GET"]}}],"collection":[{"href":"https:\/\/laagm-taaba.com\/index.php\/wp-json\/wp\/v2\/pages"}],"about":[{"href":"https:\/\/laagm-taaba.com\/index.php\/wp-json\/wp\/v2\/types\/page"}],"replies":[{"embeddable":true,"href":"https:\/\/laagm-taaba.com\/index.php\/wp-json\/wp\/v2\/comments?post=28"}],"version-history":[{"count":9,"href":"https:\/\/laagm-taaba.com\/index.php\/wp-json\/wp\/v2\/pages\/28\/revisions"}],"predecessor-version":[{"id":108,"href":"https:\/\/laagm-taaba.com\/index.php\/wp-json\/wp\/v2\/pages\/28\/revisions\/108"}],"wp:attachment":[{"href":"https:\/\/laagm-taaba.com\/index.php\/wp-json\/wp\/v2\/media?parent=28"}],"curies":[{"name":"wp","href":"https:\/\/api.w.org\/{rel}","templated":true}]}}