{"id":46,"date":"2020-01-14T22:53:31","date_gmt":"2020-01-14T22:53:31","guid":{"rendered":""},"modified":"2020-06-22T23:37:05","modified_gmt":"2020-06-22T21:37:05","slug":"agriculture","status":"publish","type":"page","link":"https:\/\/laagm-taaba.com\/index.php\/agriculture\/","title":{"rendered":"Agriculture"},"content":{"rendered":"\n<div class=\"wp-block-image\"><figure class=\"aligncenter size-large\"><img fetchpriority=\"high\" decoding=\"async\" width=\"1024\" height=\"438\" src=\"https:\/\/laagm-taaba.com\/wp-content\/uploads\/2020\/06\/Laagm_Taaba_Photo_2-1024x438.png\" alt=\"\" class=\"wp-image-83\" srcset=\"https:\/\/laagm-taaba.com\/wp-content\/uploads\/2020\/06\/Laagm_Taaba_Photo_2-1024x438.png 1024w, https:\/\/laagm-taaba.com\/wp-content\/uploads\/2020\/06\/Laagm_Taaba_Photo_2-300x128.png 300w, https:\/\/laagm-taaba.com\/wp-content\/uploads\/2020\/06\/Laagm_Taaba_Photo_2-768x329.png 768w, https:\/\/laagm-taaba.com\/wp-content\/uploads\/2020\/06\/Laagm_Taaba_Photo_2-640x274.png 640w, https:\/\/laagm-taaba.com\/wp-content\/uploads\/2020\/06\/Laagm_Taaba_Photo_2.png 1224w\" sizes=\"(max-width: 1024px) 100vw, 1024px\" \/><\/figure><\/div>\n\n\n<p><span style=\"color: #800000;\"><strong>Contexte agricole de la r\u00e9gion<\/strong><\/span><\/p>\n<p>Traditionnellement, l&rsquo;agriculture est l&rsquo;activit\u00e9 \u00e9conomique la plus importante du Burkina Faso car elle fait vivre plus de 10 millions de Burkinab\u00e9s et repr\u00e9sente plus de 84% de la population active.<\/p>\n<p>Cependant, la d\u00e9gradation des terres a atteint des niveaux alarmants. Pr\u00e8s de 50% des terres arables souffrent, \u00e0 des degr\u00e9s divers, de l&rsquo;\u00e9rosion des sols et de la baisse de fertilit\u00e9 (mati\u00e8re organique du sol, disponibilit\u00e9 de nutriments, activit\u00e9 biologique).<\/p>\n<p>La coupe abusive du bois et la surexploitation des sols, conjugu\u00e9s \u00e0 la s\u00e9cheresse, provoquent une rar\u00e9faction de la v\u00e9g\u00e9tation. Une importante \u00e9rosion en r\u00e9sulte : les pluies torrentielles ravinent les sols d\u00e9nud\u00e9s, le vent et le soleil les ass\u00e8chent, conduisant \u00e0 l\u2019appauvrissement des terres et \u00e0 une chute consid\u00e9rable des rendements.<\/p>\n\n\n<div class=\"wp-block-group\"><div class=\"wp-block-group__inner-container is-layout-flow wp-block-group-is-layout-flow\">\n<figure class=\"wp-block-embed-youtube aligncenter wp-block-embed is-type-video is-provider-youtube wp-embed-aspect-16-9 wp-has-aspect-ratio\"><div class=\"wp-block-embed__wrapper\">\n<iframe title=\"Contexte Agricole -  Laagm Taaba\" width=\"760\" height=\"428\" src=\"https:\/\/www.youtube.com\/embed\/0LeZvBN20-Q?feature=oembed\" frameborder=\"0\" allow=\"accelerometer; autoplay; encrypted-media; gyroscope; picture-in-picture\" allowfullscreen><\/iframe>\n<\/div><\/figure>\n<\/div><\/div>\n\n\n<p><span style=\"color: #800000;\"><strong>Le projet de parcelle exp\u00e9rimentale<\/strong><\/span><\/p>\n<p>L&rsquo;association Laagm Taaba a mis en place un projet agricole ayant pour objectif la s\u00e9curit\u00e9 alimentaire et la pr\u00e9servation des terres. Notre terrain de deux hectares a \u00e9t\u00e9 divis\u00e9 en deux sous parcelles, une parcelle t\u00e9moin et une parcelle exp\u00e9rimentale. Les diff\u00e9rentes phases de pr\u00e9paration des terres, de semence et de croissance, de r\u00e9colte et de stockage se sont fa\u00eetes au m\u00eame moment sur les deux parcelles.<\/p>\n<p>La parcelle t\u00e9moin a \u00e9t\u00e9 cultiv\u00e9 avec les savoirs faires locaux alors que sur la parcelle exp\u00e9rimentale, ont \u00e9t\u00e9 mise en place diff\u00e9rentes techniques de conservation des sols et de production.<\/p>\n<p><span style=\"color: #800000;\"><strong>Les r\u00e9sultats de la parcelle exp\u00e9rimentale<\/strong><\/span><\/p>\n<p>Une soixantaine de villageois ont \u00e9t\u00e9 form\u00e9 pendant deux semaines par un agronome. Diff\u00e9rentes techniques ont \u00e9t\u00e9 mises en place, comme les cordons pierreux, les demies lunes, le zai et le compostage. Nous avons r\u00e9ussi \u00e0 augmenter la production et avons aider les villageois \u00e0 adopter ses techniques sur leurs propres parcelles. Un p\u00e9rim\u00e8tre volailler a aussi \u00e9t\u00e9 mis en place.<\/p>\n\n\n<figure class=\"wp-block-embed-youtube wp-block-embed is-type-video is-provider-youtube wp-embed-aspect-16-9 wp-has-aspect-ratio\"><div class=\"wp-block-embed__wrapper\">\n<iframe title=\"Le projet agricole - Laagm Taaba\" width=\"760\" height=\"428\" src=\"https:\/\/www.youtube.com\/embed\/rNnIJEdyBTE?feature=oembed\" frameborder=\"0\" allow=\"accelerometer; autoplay; encrypted-media; gyroscope; picture-in-picture\" allowfullscreen><\/iframe>\n<\/div><\/figure>\n\n\n<p><span style=\"color: #800000;\"><strong>Les documents sur le projet agricole \u00e0 t\u00e9l\u00e9charger:<\/strong><\/span><\/p>\n<ul>\n<li><span style=\"color: #800000;\"><strong><a href=\"https:\/\/laagm-taaba.com\/wp-content\/uploads\/2020\/06\/Parcelle_Experimentale_1.pdf\">Parcelle Experimentale 1<\/a><\/strong><\/span><\/li>\n<li><span style=\"color: #800000;\"><strong><a href=\"https:\/\/laagm-taaba.com\/wp-content\/uploads\/2020\/06\/Parcelle_Experimentale_2.pdf\">Parcelle Experimentale 2<\/a><\/strong><\/span><\/li>\n<\/ul>\n\n\n<p><\/p>\n","protected":false},"excerpt":{"rendered":"<p>Contexte agricole de la r\u00e9gion Traditionnellement, l&rsquo;agriculture est l&rsquo;activit\u00e9 \u00e9conomique la plus importante du Burkina Faso car elle fait vivre plus de 10 millions de Burkinab\u00e9s et repr\u00e9sente plus de 84% de la population active. Cependant, la d\u00e9gradation des terres a atteint des niveaux&#8230;<\/p>\n","protected":false},"author":0,"featured_media":0,"parent":0,"menu_order":0,"comment_status":"open","ping_status":"open","template":"","meta":{"footnotes":""},"class_list":["post-46","page","type-page","status-publish","hentry"],"_links":{"self":[{"href":"https:\/\/laagm-taaba.com\/index.php\/wp-json\/wp\/v2\/pages\/46","targetHints":{"allow":["GET"]}}],"collection":[{"href":"https:\/\/laagm-taaba.com\/index.php\/wp-json\/wp\/v2\/pages"}],"about":[{"href":"https:\/\/laagm-taaba.com\/index.php\/wp-json\/wp\/v2\/types\/page"}],"replies":[{"embeddable":true,"href":"https:\/\/laagm-taaba.com\/index.php\/wp-json\/wp\/v2\/comments?post=46"}],"version-history":[{"count":9,"href":"https:\/\/laagm-taaba.com\/index.php\/wp-json\/wp\/v2\/pages\/46\/revisions"}],"predecessor-version":[{"id":109,"href":"https:\/\/laagm-taaba.com\/index.php\/wp-json\/wp\/v2\/pages\/46\/revisions\/109"}],"wp:attachment":[{"href":"https:\/\/laagm-taaba.com\/index.php\/wp-json\/wp\/v2\/media?parent=46"}],"curies":[{"name":"wp","href":"https:\/\/api.w.org\/{rel}","templated":true}]}}